{"id":48,"date":"2017-06-13T09:44:09","date_gmt":"2017-06-13T09:44:09","guid":{"rendered":"http:\/\/gebri.de\/?page_id=48"},"modified":"2018-05-16T06:39:37","modified_gmt":"2018-05-16T06:39:37","slug":"dienstleistungen","status":"publish","type":"page","link":"http:\/\/gebri.de\/?page_id=48","title":{"rendered":"Dienstleistungen"},"content":{"rendered":"<h4>&gt;&gt;&gt; <a href=\"http:\/\/gebri.de\/\">Kontakt<\/a> &gt;&gt;&gt; <a href=\"http:\/\/gebri.de\/?page_id=12\">Gebri-Rohrfu\u00dfleisten<\/a> &gt;&gt;&gt; <a href=\"http:\/\/gebri.de\/?page_id=25\">Impressum<\/a> &gt;&gt;&gt;<a href=\"http:\/\/gebri.de\/?page_id=74\">Datenschutzerkl\u00e4rung<\/a><\/h4>\n<h2>Sanit\u00e4rinstallationen<\/h2>\n<p>Im Falle eines Rohrbruchs oder eines anderen Sanit\u00e4rproblems ist sofortige Abhilfe n\u00f6tig, denn sonst kann noch mehr Schaden entstehen. Rufen Sie uns am besten sofort unter <span data-sb-placeholder=\"companyName\">Gerhard Brinkmann Installation<\/span> an. Unser Sanit\u00e4rdienst ist unter <a class=\"dialecticPhoneNumberLink\" title=\"Dial \u201c0521-71214\u201d with Dialectic\">0521-71214<\/a> erreichbar, sodass wir f\u00fcr Sie da sind, wann immer Sie uns brauchen.<\/p>\n<p>&nbsp;<\/p>\n<h2>Heizungsinstallationen<\/h2>\n<p>Rohrbr\u00fcche sind ein ernst zu nehmendes Problem. Sie k\u00f6nnen einen gro\u00dfen Schaden an Ihrem Geb\u00e4ude verursachen und die Arbeit im ganzen B\u00fcro st\u00f6ren. Damit es erst gar nicht zu solchen Notf\u00e4llen kommt, bieten wir ein spezielles Inspektionsprogramm an. Wenn es jedoch zu einem Notfall kommt, k\u00f6nnen Sie sich auf unseren Service f\u00fcr Klempnerarbeiten\u00a0 verlassen.<\/p>\n<h2>Klempnerei<\/h2>\n<p>Wir reparieren, warten und reinigen alle Typen von Abfluss- und Rohrleitungssystemen. Wenn Ihr Abfluss- oder Rohrleitungssystem Wasser nicht ordentlich abflie\u00dfen l\u00e4sst, wenn es unangenehm aus den Abfl\u00fcssen oder Rohrleitungen riecht oder wenn Sie ein anderes Problem haben, kontaktieren Sie uns und wir vereinbaren gern einen Termin mit Ihnen. Wir bringen Ihr Abfluss- und Rohrleitungssystem wieder zum Laufen.<\/p>\n<p>&nbsp;<\/p>\n<h2>Fachaustellungen<\/h2>\n<div class=\"csc-header csc-header-n2\">\n<h1><span style=\"font-family: 'Source Sans Pro', Helvetica, sans-serif; font-size: 16px;\">Unsere Fachaustellungen der Gro\u00dfhandelspartner stehen Ihnen offen!<\/span><\/h1>\n<\/div>\n<p class=\"bodytext\">Die Fachberater\/innen , Innenarchitekten und 3-D- Badplanungssoftware erf\u00fcllen ein h\u00f6chstma\u00df an moderner Badgestaltung.<\/p>\n<p class=\"bodytext\">Design, aktuelle Trends und Technik zum ausprobieren.<\/p>\n<p class=\"bodytext\">Bei der unglaublichen\u00a0 Auswahl an Markenfabrikaten f\u00e4llt die Entscheidung nicht leicht -wenn Sie m\u00f6chten stehen wir Ihnen gerne mit besonderem Augenma\u00df zur Seite. Wir kennen die Technischen Gegebenheiten Ihrer R\u00e4ume und die besten Produkte.<\/p>\n<p class=\"bodytext\">\u00d6ffnungszeiten:\u00a0\u00a0 Mo-Fr 9.00-18.00 Uhr \u00a0 \u00a0 Sa 9.00-13.00 Uhr<\/p>\n<p class=\"bodytext\">F\u00fcr individuelle Beratungstermine vereinbaren Sie bitte einen Termin.<\/p>\n<h2><span style=\"font-family: 'Times New Roman',serif;\"><span style=\"font-size: 22px; font-family: 'Open Sans',sans-serif;\">Bielefeld:<\/span><\/span><\/h2>\n<p class=\"bodytext\"><a class=\" link\" title=\"\u00d6ffnet einen externen Link in einem neuen Fenster\" href=\"http:\/\/www.gc-gruppe.de\/\" target=\"_blank\" rel=\"noopener\">EFG &#8211; Elements &#8211; Cordes Graefe\u00a0<\/a> &#8211; Herforderstr. 272 &#8211; 33609 Tel:<a class=\"dialecticPhoneNumberLink link\" title=\"Dial \u201c972100\u201d with Dialectic\">972100<\/a><\/p>\n<p class=\"bodytext\">\u00a0\u00a0\u00a0\u00a0\u00a0\u00a0\u00a0\u00a0\u00a0\u00a0\u00a0\u00a0\u00a0\u00a0\u00a0\u00a0\u00a0\u00a0\u00a0\u00a0\u00a0\u00a0\u00a0\u00a0\u00a0\u00a0\u00a0\u00a0\u00a0\u00a0\u00a0\u00a0\u00a0\u00a0\u00a0\u00a0\u00a0\u00a0\u00a0\u00a0\u00a0\u00a0 So (Schautag) 11.00-16.00<\/p>\n<p class=\"bodytext\"><a class=\" link\" title=\"\u00d6ffnet einen externen Link in einem neuen Fenster\" href=\"http:\/\/www.mosecker.de\/\" target=\"_blank\" rel=\"noopener\">Mosecker<\/a> &#8211; Eckendorferstr. 89 &#8211; 33609 &#8211; Tel: <a class=\"dialecticPhoneNumberLink link\" title=\"Dial \u201c972300\u201d with Dialectic\">972300<\/a><\/p>\n<p class=\"bodytext\"><a class=\" link\" title=\"\u00d6ffnet einen externen Link in einem neuen Fenster\" href=\"http:\/\/www.elmer.de\/\" target=\"_blank\" rel=\"noopener\">Elmer<\/a><a class=\" link\" title=\"\u00d6ffnet einen externen Link in einem neuen Fenster\" href=\"http:\/\/typo3\/http:\/\/www.elmer.de\" target=\"_blank\" rel=\"noopener\">\u00a0<\/a> &#8211; Artur Ladebeck Str. 114 &#8211; 33647 &#8211; Tel:91500<\/p>\n<p class=\"bodytext\">\u00a0\u00a0\u00a0\u00a0\u00a0\u00a0\u00a0\u00a0\u00a0\u00a0\u00a0\u00a0\u00a0\u00a0\u00a0\u00a0\u00a0\u00a0\u00a0\u00a0\u00a0\u00a0\u00a0\u00a0\u00a0\u00a0\u00a0\u00a0\u00a0\u00a0 \u00a0 \u00a0 \u00a0 \u00a0 \u00a0\u00a0 Do-bis 20Uhr,\u00a0 So (Schautag) 11.00-16.00<\/p>\n<p class=\"bodytext\"><a class=\" link\" title=\"\u00d6ffnet einen externen Link in einem neuen Fenster\" href=\"http:\/\/www.wiedemann.de\/\" target=\"_blank\" rel=\"noopener\">Wiedemann<\/a>(sh.Sarstedt) &#8211; Herforderstr. 221 &#8211; 33609 &#8211; Tel: <a class=\"dialecticPhoneNumberLink link\" title=\"Dial \u201c982350\u201d with Dialectic\">982350<\/a><\/p>\n<p class=\"bodytext\">\u00a0\u00a0\u00a0\u00a0\u00a0\u00a0\u00a0\u00a0\u00a0\u00a0\u00a0\u00a0\u00a0\u00a0\u00a0\u00a0\u00a0\u00a0\u00a0\u00a0\u00a0 1.So im Monat\u00a0 (Schautag) 11.00-17.00<\/p>\n<p class=\"bodytext\"><a class=\" link\" title=\"\u00d6ffnet einen externen Link in einem neuen Fenster\" href=\"http:\/\/www.rosebuende.de\/\" target=\"_blank\" rel=\"noopener\">Rose<\/a> Bielefeld -J\u00f6llenbecker Str.<a class=\"dialecticPhoneNumberLink link\" title=\"Dial \u201c316 -33613\u201d with Dialectic\">316 -33613<\/a>&#8211; Tel <a class=\"dialecticPhoneNumberLink link\" title=\"Dial \u201c986170\u201d with Dialectic\">986170<\/a> Sa9-12 Uhr<\/p>\n<h2><span style=\"font-size: 22px; font-family: 'Open Sans',sans-serif;\">Bad Salzuflen:<\/span><\/h2>\n<p class=\"bodytext\"><a class=\" link\" title=\"\u00d6ffnet einen externen Link in einem neuen Fenster\" href=\"http:\/\/www.okbs.de\/\" target=\"_blank\" rel=\"noopener\">K\u00f6lling &#8211; Zander Gruppe<\/a> &#8211; Am Zubringer10 &#8211; 32107 Bad Salzuflen Tel:<a class=\"dialecticPhoneNumberLink link\" title=\"Dial \u201c05221-773-188\u201d with Dialectic\">05221-773-188<\/a> \u00a0 \u00a0\u00a0\u00a0\u00a0\u00a0\u00a0\u00a0\u00a0\u00a0\u00a0\u00a0\u00a0\u00a0\u00a0\u00a0\u00a0\u00a0\u00a0\u00a0\u00a0\u00a0\u00a0\u00a0\u00a0\u00a0\u00a0\u00a0\u00a0\u00a0\u00a0\u00a0 \u00a0 \u00a0 \u00a0\u00a0\u00a0\u00a0 Sa 9:00-16:00\u00a0 So (Schautag 11.00-17.00)<\/p>\n<h2><span style=\"font-size: 22px; font-family: 'Open Sans',sans-serif;\">G\u00fctersloh:<\/span><\/h2>\n<p class=\"bodytext\"><a class=\" link\" title=\"\u00d6ffnet einen externen Link in einem neuen Fenster\" href=\"http:\/\/www.gc-gruppe.de\/\" target=\"_blank\" rel=\"noopener\">Karl Brandt GC Gruppe<\/a> &#8211; Robert Bosch Stra\u00dfe <a class=\"dialecticPhoneNumberLink link\" title=\"Dial \u201c17 -33334\u201d with Dialectic\">17 -33334<\/a> G\u00fctersloh Tel:<a class=\"dialecticPhoneNumberLink link\" title=\"Dial \u201c05241-9944-0\u201d with Dialectic\">05241-9944-0<\/a> \u00a0 \u00a0 \u00a0 \u00a0 \u00a0 \u00a0 \u00a0 \u00a0 \u00a0 \u00a0 \u00a0 \u00a0 \u00a0 \u00a0 \u00a0 \u00a0 \u00a0 \u00a0 \u00a0 \u00a0 \u00a0 \u00a0 \u00a0 \u00a0 \u00a0 \u00a0 \u00a0 \u00a0 \u00a0 \u00a0 Sa 9.00-12.00 So10-17.00Schautag<\/p>\n<p class=\"bodytext\">&#8211; <a class=\" link\" href=\"http:\/\/www.bach-handel.de\/\" target=\"_blank\" rel=\"noopener\">www.bach-handel.de &#8211; <\/a>Wiedenbr\u00fccker Stra\u00dfe <a class=\"dialecticPhoneNumberLink link\" title=\"Dial \u201c16 33332\u201d with Dialectic\">16 33332<\/a> G\u00fctersloh Tel: <a class=\"dialecticPhoneNumberLink link\" title=\"Dial \u201c05241 99406-0\u201d with Dialectic\">05241 99406-0<\/a><\/p>\n","protected":false},"excerpt":{"rendered":"<p>&gt;&gt;&gt; Kontakt &gt;&gt;&gt; Gebri-Rohrfu\u00dfleisten &gt;&gt;&gt; Impressum &gt;&gt;&gt;Datenschutzerkl\u00e4rung Sanit\u00e4rinstallationen Im Falle eines Rohrbruchs oder eines anderen Sanit\u00e4rproblems ist sofortige Abhilfe n\u00f6tig, denn sonst kann noch mehr Schaden entstehen. Rufen Sie uns am besten sofort unter Gerhard Brinkmann Installation an. Unser Sanit\u00e4rdienst ist unter 0521-71214 erreichbar, sodass wir f\u00fcr Sie da sind, wann immer Sie uns brauchen. &hellip; <a href=\"http:\/\/gebri.de\/?page_id=48\" class=\"more-link\"><span class=\"screen-reader-text\">Dienstleistungen<\/span> weiterlesen <span class=\"meta-nav\">&rarr;<\/span><\/a><\/p>\n","protected":false},"author":1,"featured_media":0,"parent":0,"menu_order":0,"comment_status":"closed","ping_status":"closed","template":"","meta":{"footnotes":""},"class_list":["post-48","page","type-page","status-publish","hentry"],"_links":{"self":[{"href":"http:\/\/gebri.de\/index.php?rest_route=\/wp\/v2\/pages\/48","targetHints":{"allow":["GET"]}}],"collection":[{"href":"http:\/\/gebri.de\/index.php?rest_route=\/wp\/v2\/pages"}],"about":[{"href":"http:\/\/gebri.de\/index.php?rest_route=\/wp\/v2\/types\/page"}],"author":[{"embeddable":true,"href":"http:\/\/gebri.de\/index.php?rest_route=\/wp\/v2\/users\/1"}],"replies":[{"embeddable":true,"href":"http:\/\/gebri.de\/index.php?rest_route=%2Fwp%2Fv2%2Fcomments&post=48"}],"version-history":[{"count":7,"href":"http:\/\/gebri.de\/index.php?rest_route=\/wp\/v2\/pages\/48\/revisions"}],"predecessor-version":[{"id":82,"href":"http:\/\/gebri.de\/index.php?rest_route=\/wp\/v2\/pages\/48\/revisions\/82"}],"wp:attachment":[{"href":"http:\/\/gebri.de\/index.php?rest_route=%2Fwp%2Fv2%2Fmedia&parent=48"}],"curies":[{"name":"wp","href":"https:\/\/api.w.org\/{rel}","templated":true}]}}