{"id":25,"date":"2017-06-13T09:01:54","date_gmt":"2017-06-13T09:01:54","guid":{"rendered":"http:\/\/gebri.de\/?page_id=25"},"modified":"2018-05-16T06:46:17","modified_gmt":"2018-05-16T06:46:17","slug":"impressum","status":"publish","type":"page","link":"http:\/\/gebri.de\/?page_id=25","title":{"rendered":"Impressum"},"content":{"rendered":"<div id=\"ext-gen1732\" class=\"sb-widget-content\">\n<div id=\"widget-15fe07b3-01c7-40bf-8191-3ae9e6be67ee\" class=\"widget widget-text\">\n<div id=\"ext-gen1744\" class=\"widget-content\">\n<h4>&gt;&gt;&gt; <a href=\"http:\/\/gebri.de\/\">Kontakt<\/a> &gt;&gt;&gt; <a href=\"http:\/\/gebri.de\/?page_id=48\">Dienstleistungen<\/a> &gt;&gt;&gt; <a href=\"http:\/\/gebri.de\/?page_id=12\">Gebri-Rohrfu\u00dfleisten<\/a> &gt;&gt;&gt;<a href=\"http:\/\/gebri.de\/?page_id=74\">Datenschutzerkl\u00e4rung<\/a><\/h4>\n<p>Impressum<\/p>\n<h3 class=\"western\"><em>Michael<\/em><em> Bri<\/em><em>nkmann<\/em><\/h3>\n<p><strong><em>Gas Heizung Sanit\u00e4r <\/em><\/strong><\/p>\n<p><strong><em>Gebri Rohrfussleisten<\/em><\/strong><\/p>\n<p><strong>\u00a0Ta<em>lbr\u00fcckenstra\u00dfe 192<\/em><\/strong><\/p>\n<p><strong><em>D &#8211; 33609 Bielefeld<\/em><\/strong><\/p>\n<p><em>Fon +49 521 71214<\/em><\/p>\n<p><em>Fax +49 521 72698<\/em><\/p>\n<p><em>Email\u00a0 info(at)gebri.de<\/em><\/p>\n<p><em>Internet <a class=\" link\" href=\"http:\/\/gebri.de\/index.html\" target=\"_blank\" rel=\"noopener\">www.gebri.de<\/a> <\/em><\/p>\n<p><em>Amtsgericht Bielefeld<\/em><\/p>\n<p><em>Steuer Nr.:<a class=\"dialecticPhoneNumberLink\" title=\"Dial \u201c30550280976\u201d with Dialectic\">30550280976<\/a><\/em><\/p>\n<p><em>Zust\u00e4ndige Aufsichtsbeh\u00f6rde: Handwerkskammer OWL-Lippe zu Bielefeld<\/em><\/p>\n<p><em>Berufsrechtliche Regelung: <a class=\" link\" href=\"http:\/\/www.handwerk-nrw.de\/\" target=\"_blank\" rel=\"noopener\">Handwerksordnung (Rubrik-Beratung-Recht)<\/a><\/em><\/p>\n<p><em>Diese kann beispielsweise eingesehen werden bei der Handwerkskammer Ostwestfalen-Lippe zu Bielefeld, Obern str. 48, 33602 Bielefeld\u00a0 oder\u00a0 bei der Kreishandwerkerschaft Bielefeld Hans-Sachs-Stra\u00dfe 2, 33602 Bielefeld <\/em><\/p>\n<p><em>Mitglied der Sanit\u00e4r Innung Bielefeld<\/em><\/p>\n<p><strong><em>Inhaltlich Verantwortlicher gem\u00e4\u00df \u00a710 Absatz3MDStV:<\/em><\/strong><\/p>\n<p>Michael Brinkmann, Adresse siehe oben<\/p>\n<p>&nbsp;<\/p>\n<p><strong><em>Haftungsausschluss<\/em><\/strong><\/p>\n<p><strong><em>1. Verweise und Links<\/em><\/strong><\/p>\n<p><em>Wir erkl\u00e4ren ausdr\u00fccklich, dass zum Zeitpunkt der Linksetzung die entsprechenden verlinkten Seiten frei von illegalen Inhalten waren. Wir haben keinerlei Einfluss auf die aktuelle und zuk\u00fcnftige Gestaltung und auf die Inhalte der gelinkten \/ verkn\u00fcpften Seiten. Deshalb distanzieren wir uns hiermit ausdr\u00fccklich von allen Inhalten aller gelinkten \/ verkn\u00fcpften Seiten die nach der Linksetzung ver\u00e4ndert wurden.Trotz sorgf\u00e4ltiger inhaltlicher Kontrolle \u00fcbernehmen wir keine Haftung f\u00fcr die Inhalte externer Links. F\u00fcr den Inhalt der verlinkten Seiten sind ausschlie\u00dflich deren Betreiber verantwortlich.<\/em><\/p>\n<p><strong><em>2.Inhalt des Onlineangebotes<\/em><\/strong><\/p>\n<p><em>Der Autor \u00fcbernimmt keinerlei Gew\u00e4hr f\u00fcr die Aktualit\u00e4t, Korrektheit, Vollst\u00e4ndigkeit oder Qualit\u00e4t der bereitgestellten Informationen. Haftungsanspr\u00fcche gegen den Autor,welche sich auf Sch\u00e4den materieller oder ideeller Art beziehen, die durch die Nutzung oder Nichtnutzung der dargebotenen Informationen bzw. durch die Nutzung fehlerhafter und unvollst\u00e4ndiger Informationen verursacht wurden, sind grunds\u00e4tzlich ausgeschlossen, sofern seitens des Autors kein nachweislich vors\u00e4tzliches oder grob fahrl\u00e4ssiges Verschulden vorliegt. Alle Angebote sind freibleibend und unverbindlich. Der Autor beh\u00e4lt es sich ausdr\u00fccklich vor, Teile der Seiten oder das gesamte Angebot ohne besondere Ank\u00fcndigung zu ver\u00e4ndern, zu erg\u00e4nzen, zu l\u00f6schen oder die Ver\u00f6ffentlichung zeitweise oder endg\u00fcltig einzustellen.<\/em><\/p>\n<p><strong><em>3.Datenschutz<\/em><\/strong><\/p>\n<p><em>Sofern innerhalb des Internetangebotes die M\u00f6glichkeit zur Eingabe pers\u00f6nlicher Daten (Email Adressen, Namen,Anschriften) besteht,so erfolgt die Preisgabe dieser Daten seitens des Nutzers auf ausdr\u00fccklich freiwilliger Basis.<\/em><\/p>\n<p><em>Ihre Daten werden im Rahmen der gesetzlichen Vorschriften gesch\u00fctzt.<\/em><\/p>\n<p><em>Nachfolgend finden Sie &#8211; gem\u00e4\u00df \u00a713 Teledienstgesetz &#8211; Informationen, welche Daten w\u00e4hrend Ihres Besuches auf der Homepage erfasst und wie diese genutzt werden:<\/em><\/p>\n<p><strong><em>Erhebung und Verarbeitung von anonymen Daten<\/em><\/strong><\/p>\n<p><em>Durch den Besuch der Webseite des Anbieters k\u00f6nnen Informationen \u00fcber den Zugriff ( Datum, Uhrzeit, betrachtete Seite) gespeichert werden. Diese Daten geh\u00f6ren nicht zu den personenbezogenen Daten, sondern sind anonymisiert. Sie werden ausschlie\u00dflich zu statistischen Zwecken ausgewertet. Eine Weitergabe an Dritte, zu kommerziellen oder nichtkommerziellen Zwecken, findet nicht statt.<\/em><\/p>\n<p><strong><em>Nutzung und Weitergabe personenbezogener Daten<\/em><\/strong><\/p>\n<p><em>Soweit Sie uns personenbezogenen Daten zur Verf\u00fcgung gestellt haben, verwenden wir diese ausschlie\u00dflich und nur zur Beantwortung Ihrer Anfragen,zur Abwicklung mit Ihnen geschlossener Vertr\u00e4ge und f\u00fcr die technische Administration. Eine Weitergabe, Verkauf, Vermietung o.\u00e4. an unbeteiligte Dritte erfolgt in keinem Falle.<\/em><\/p>\n<p><em>Ihre personenbezogenen Daten werden an Dritte nur weitergegeben oder sonst \u00fcbermittelt, wenn dies zum Zwecke der Vertragsabwicklung &#8211; insbesondere Weitergabe von Bestelldaten an Lieferanten &#8211; erforderlich ist, dies zu Abrechnungszwecken erforderlich ist oder Sie zuvor eingewilligt haben. Sie haben das Recht, eine erteilte Einwilligung mit Wirkung f\u00fcr die Zukunft jederzeit zu widerrufen.<\/em><\/p>\n<p><em>Die L\u00f6schung der gespeicherten personenbezogenen Daten erfolgt, wenn Sie Ihre Einwilligung zur Speicherung widerrufen, wenn ihre Kenntnis zur Erf\u00fcllung des mit der Speicherung verfolgten Zwecks nicht mehr erforderlich ist oder wenn ihre Speicherung aus sonstigen gesetzlichen Gr\u00fcnden unzul\u00e4ssig ist.<\/em><\/p>\n<p><em>Die Verwendung der Kontaktdaten des Impressums zur gewerblichen Werbung ist ausdr\u00fccklich nicht erw\u00fcnscht, es sei denn der Anbieter hatte zuvor seine schriftliche Einwilligung erteilt oder es besteht eine Gesch\u00e4ftsbeziehung. Der Anbieter und alle auf dieser Website genannten Personen widersprechen hiermit jeder kommerziellen Verwendung und Weitergabe ihrer Daten.<\/em><\/p>\n<p><strong><em>Cookies<\/em><\/strong><\/p>\n<p><em>Die Internetseiten verwenden an mehreren stellen so genannte Cookies. sie dienen dazu, unser Angebot nutzerfreundlicher,effektiver und sicherer zu machen.Cookies sind kleine Textdateien, die auf Ihrem Rechner abgelegt werden und die Ihr Browser speichert. Die meisten der von uns verwendeten Cookies sind sogenannte &#8222;Session-Cookies&#8220; . Sie werden nach Ende Ihre Besuches automatisch gel\u00f6scht.Cookies richten auf Ihrem Rechner keinen Schaden an und enthalten keine Vieren.<\/em><\/p>\n<p><strong><em>Auskunftsrecht<\/em><\/strong><\/p>\n<p><em>Auf schriftliche Anfrage werden wir Sie gerne \u00fcber die zu Ihrer Person gespeicherten Daten &#8211; sofern \u00fcberhaupt vorhanden &#8211; informieren.<\/em><\/p>\n<p><strong><em>Sicherheitshinweis<\/em><\/strong><\/p>\n<p><em>Der Anbieter weist ausdr\u00fccklich darauf hin, dass die Daten\u00fcbertragung im Internet (z.B. bei der Kommunikation per E-Mail) Sicherheitsl\u00fccken aufweisen und nicht l\u00fcckenlos vor dem Zugriff durch Dritte gesch\u00fctzt werden kann.<\/em><\/p>\n<p>Des Weiteren verweisen wir auf unsere <a href=\"http:\/\/gebri.de\/?page_id=74\">Datenschutzerkl\u00e4rung<\/a> !<\/p>\n<p><strong><em>4.Urheber-und Kennzeichnungsrecht<\/em><\/strong><\/p>\n<p><em>Alle innerhalb des Internetangebotes genannten und ggf.durch Dritte gesch\u00fctzten Marken- und Warenzeichen unterliegen uneingeschr\u00e4nkt den Bestimmungen des jeweils g\u00fcltigen Kennzeichnungsrechts und den Besitzrechten der Jeweiligen eingetragenen Eigent\u00fcmer. Allein aufgrund der blo\u00dfen Nennung ist nicht der Schlu\u00df zu ziehen, dass Markenzeichen nicht durch Rechte Dritter gesch\u00fctzt sind! Das Copyright f\u00fcr ver\u00f6ffentlichte, vom Autor selbst erstellte Objekte bleibt allein beim Autor der Seiten. Eine Vervielf\u00e4ltigung oder Verwendung solcher Grafiken, Tondokumente, Videosequenzen und Texte in anderen elektronischen oder gedruckten Publikationen ist ohne ausdr\u00fcckliche Zustimmung des Autors nicht gestattet.<\/em><\/p>\n<p><strong><em>5.Anwendbares Recht<\/em><\/strong><\/p>\n<p><em>Es gilt ausschlie\u00dflich das ma\u00dfgebliche Recht der Bundesrepublik Deutschland.<\/em><\/p>\n<\/div>\n<\/div>\n<\/div>\n","protected":false},"excerpt":{"rendered":"<p>&gt;&gt;&gt; Kontakt &gt;&gt;&gt; Dienstleistungen &gt;&gt;&gt; Gebri-Rohrfu\u00dfleisten &gt;&gt;&gt;Datenschutzerkl\u00e4rung Impressum Michael Brinkmann Gas Heizung Sanit\u00e4r Gebri Rohrfussleisten \u00a0Talbr\u00fcckenstra\u00dfe 192 D &#8211; 33609 Bielefeld Fon +49 521 71214 Fax +49 521 72698 Email\u00a0 info(at)gebri.de Internet www.gebri.de Amtsgericht Bielefeld Steuer Nr.:30550280976 Zust\u00e4ndige Aufsichtsbeh\u00f6rde: Handwerkskammer OWL-Lippe zu Bielefeld Berufsrechtliche Regelung: Handwerksordnung (Rubrik-Beratung-Recht) Diese kann beispielsweise eingesehen werden bei der Handwerkskammer &hellip; <a href=\"http:\/\/gebri.de\/?page_id=25\" class=\"more-link\"><span class=\"screen-reader-text\">Impressum<\/span> weiterlesen <span class=\"meta-nav\">&rarr;<\/span><\/a><\/p>\n","protected":false},"author":1,"featured_media":0,"parent":0,"menu_order":0,"comment_status":"closed","ping_status":"closed","template":"","meta":{"footnotes":""},"class_list":["post-25","page","type-page","status-publish","hentry"],"_links":{"self":[{"href":"http:\/\/gebri.de\/index.php?rest_route=\/wp\/v2\/pages\/25","targetHints":{"allow":["GET"]}}],"collection":[{"href":"http:\/\/gebri.de\/index.php?rest_route=\/wp\/v2\/pages"}],"about":[{"href":"http:\/\/gebri.de\/index.php?rest_route=\/wp\/v2\/types\/page"}],"author":[{"embeddable":true,"href":"http:\/\/gebri.de\/index.php?rest_route=\/wp\/v2\/users\/1"}],"replies":[{"embeddable":true,"href":"http:\/\/gebri.de\/index.php?rest_route=%2Fwp%2Fv2%2Fcomments&post=25"}],"version-history":[{"count":8,"href":"http:\/\/gebri.de\/index.php?rest_route=\/wp\/v2\/pages\/25\/revisions"}],"predecessor-version":[{"id":90,"href":"http:\/\/gebri.de\/index.php?rest_route=\/wp\/v2\/pages\/25\/revisions\/90"}],"wp:attachment":[{"href":"http:\/\/gebri.de\/index.php?rest_route=%2Fwp%2Fv2%2Fmedia&parent=25"}],"curies":[{"name":"wp","href":"https:\/\/api.w.org\/{rel}","templated":true}]}}