{"id":23,"date":"2017-06-13T08:56:33","date_gmt":"2017-06-13T08:56:33","guid":{"rendered":"http:\/\/gebri.de\/?page_id=23"},"modified":"2018-05-16T06:41:31","modified_gmt":"2018-05-16T06:41:31","slug":"kontakt","status":"publish","type":"page","link":"http:\/\/gebri.de\/","title":{"rendered":"Kontakt"},"content":{"rendered":"<h4>&gt;&gt;&gt; <a href=\"http:\/\/gebri.de\/?page_id=48\">Dienstleistungen<\/a> &gt;&gt;&gt; <a href=\"http:\/\/gebri.de\/?page_id=12\">Gebri-Rohrfu\u00dfleisten<\/a> &gt;&gt;&gt; <a href=\"http:\/\/gebri.de\/?page_id=25\">Impressum<\/a> &gt;&gt;&gt;<a href=\"http:\/\/gebri.de\/?page_id=74\">Datenschutzerkl\u00e4rung<\/a><\/h4>\n<p><img loading=\"lazy\" decoding=\"async\" class=\"alignnone size-medium wp-image-7\" src=\"http:\/\/gebri.de\/wp-content\/uploads\/2017\/06\/Gebri_1-300x101.jpg\" alt=\"\" width=\"300\" height=\"101\" srcset=\"http:\/\/gebri.de\/wp-content\/uploads\/2017\/06\/Gebri_1-300x101.jpg 300w, http:\/\/gebri.de\/wp-content\/uploads\/2017\/06\/Gebri_1.jpg 544w\" sizes=\"auto, (max-width: 300px) 100vw, 300px\" \/><\/p>\n<p>Kontaktieren Sie uns, wenn Sie weitere Informationen \u00fcber unsere Services erhalten m\u00f6chten.<\/p>\n<h4 class=\"western\">Michael Brinkmann<\/h4>\n<h4 class=\"western\">Gas-Heizung Sanit\u00e4r<br \/>\nGebri-Rohrfussleisten<\/h4>\n<h4 class=\"western\">Talbr\u00fcckenstrasse 192<\/h4>\n<h4 class=\"western\">33609 Bielefeld<\/h4>\n<h4 class=\"western\">Tel <a class=\"dialecticPhoneNumberLink\" title=\"Dial \u201c0521- 71214\u201d with Dialectic\">0521- 71214<\/a><\/h4>\n<h4 class=\"western\">Fax <a class=\"dialecticPhoneNumberLink\" title=\"Dial \u201c0521- 72698\u201d with Dialectic\">0521- 72698<\/a><\/h4>\n<h4 class=\"western\">E-Mail: <a class=\" link\">info(at)gebri.de<\/a><\/h4>\n<h4 class=\"western\"><a class=\" link\" href=\"http:\/\/gebri.de\/index.html\" target=\"_blank\" rel=\"noopener\">www.gebri.de<\/a><\/h4>\n<h4 class=\"western\"><\/h4>\n<p>Gesch\u00e4ftszeiten:\u00a0 Mo-Do 7:30 &#8211; 16:45 , Fr 7:30 &#8211; 12:00<\/p>\n<p>Ausserhalb dieser Zeiten wird Ihr Anruf auf eine regelm\u00e4\u00dfig abgeh\u00f6rte Mailbox umgeleitet.\u00a0 (Bitte nennen sie die gew\u00fcnschte R\u00fcckrufnummer)<\/p>\n","protected":false},"excerpt":{"rendered":"<p>&gt;&gt;&gt; Dienstleistungen &gt;&gt;&gt; Gebri-Rohrfu\u00dfleisten &gt;&gt;&gt; Impressum &gt;&gt;&gt;Datenschutzerkl\u00e4rung Kontaktieren Sie uns, wenn Sie weitere Informationen \u00fcber unsere Services erhalten m\u00f6chten. Michael Brinkmann Gas-Heizung Sanit\u00e4r Gebri-Rohrfussleisten Talbr\u00fcckenstrasse 192 33609 Bielefeld Tel 0521- 71214 Fax 0521- 72698 E-Mail: info(at)gebri.de www.gebri.de Gesch\u00e4ftszeiten:\u00a0 Mo-Do 7:30 &#8211; 16:45 , Fr 7:30 &#8211; 12:00 Ausserhalb dieser Zeiten wird Ihr Anruf auf eine &hellip; <a href=\"http:\/\/gebri.de\/\" class=\"more-link\"><span class=\"screen-reader-text\">Kontakt<\/span> weiterlesen <span class=\"meta-nav\">&rarr;<\/span><\/a><\/p>\n","protected":false},"author":1,"featured_media":0,"parent":0,"menu_order":0,"comment_status":"closed","ping_status":"closed","template":"","meta":{"footnotes":""},"class_list":["post-23","page","type-page","status-publish","hentry"],"_links":{"self":[{"href":"http:\/\/gebri.de\/index.php?rest_route=\/wp\/v2\/pages\/23","targetHints":{"allow":["GET"]}}],"collection":[{"href":"http:\/\/gebri.de\/index.php?rest_route=\/wp\/v2\/pages"}],"about":[{"href":"http:\/\/gebri.de\/index.php?rest_route=\/wp\/v2\/types\/page"}],"author":[{"embeddable":true,"href":"http:\/\/gebri.de\/index.php?rest_route=\/wp\/v2\/users\/1"}],"replies":[{"embeddable":true,"href":"http:\/\/gebri.de\/index.php?rest_route=%2Fwp%2Fv2%2Fcomments&post=23"}],"version-history":[{"count":6,"href":"http:\/\/gebri.de\/index.php?rest_route=\/wp\/v2\/pages\/23\/revisions"}],"predecessor-version":[{"id":86,"href":"http:\/\/gebri.de\/index.php?rest_route=\/wp\/v2\/pages\/23\/revisions\/86"}],"wp:attachment":[{"href":"http:\/\/gebri.de\/index.php?rest_route=%2Fwp%2Fv2%2Fmedia&parent=23"}],"curies":[{"name":"wp","href":"https:\/\/api.w.org\/{rel}","templated":true}]}}