{"id":12,"date":"2017-06-13T08:49:49","date_gmt":"2017-06-13T08:49:49","guid":{"rendered":"http:\/\/gebri.de\/?page_id=12"},"modified":"2018-05-16T06:41:02","modified_gmt":"2018-05-16T06:41:02","slug":"gebri-rohrfussleisten","status":"publish","type":"page","link":"http:\/\/gebri.de\/?page_id=12","title":{"rendered":"Gebri-Rohrfu\u00dfleisten"},"content":{"rendered":"<h4 class=\"western\">&gt;&gt;&gt; <a href=\"http:\/\/gebri.de\/?page_id=48\">Dienstleitungen<\/a> &gt;&gt;&gt; <a href=\"http:\/\/gebri.de\/\">Kontakt<\/a> &gt;&gt;&gt; <a href=\"http:\/\/gebri.de\/?page_id=25\">Impressum<\/a> &gt;&gt;&gt;<a href=\"http:\/\/gebri.de\/?page_id=74\">Datenschutzerkl\u00e4rung<\/a><\/h4>\n<h4 class=\"western\"><span style=\"font-size: 20px;\"><img loading=\"lazy\" decoding=\"async\" class=\"alignnone size-medium wp-image-7\" src=\"http:\/\/gebri.de\/wp-content\/uploads\/2017\/06\/Gebri_1-300x101.jpg\" alt=\"\" width=\"300\" height=\"101\" srcset=\"http:\/\/gebri.de\/wp-content\/uploads\/2017\/06\/Gebri_1-300x101.jpg 300w, http:\/\/gebri.de\/wp-content\/uploads\/2017\/06\/Gebri_1.jpg 544w\" sizes=\"auto, (max-width: 300px) 100vw, 300px\" \/><\/span><\/h4>\n<h4 class=\"western\"><span style=\"font-size: 20px;\">GEBRI &#8211;\u00a0 Rohrfussleisten aus Bielefeld:<\/span><\/h4>\n<h4 class=\"western\"><span style=\"font-size: 20px;\">Herstellung und Vertrieb von Massivholz Sockelleisten zur Verkleidung von Heizungsrohren<\/span><\/h4>\n<p><span style=\"font-size: 16px;\"><em>Die Altbausanierung und die Suche nach wohnlichen Installationen haben zur Entwicklung einer Rohrverkleidung aus Massivholz, der Gebri-Leiste gef\u00fchrt, mit der jeweils zwei Rohrleitungen bis 28mm verkleidet werden.<\/em><\/span><\/p>\n<p><span style=\"font-size: 16px;\"><em>Die naturfarbene Leiste besteht aus Massivholz, und kommt in L\u00e4ngen bis 4,30 Metern in den Handel. Besonders bei nachtr\u00e4glichen Einbau von Zentralheizungen in Altbauten hat sich diese Leiste bew\u00e4hrt. Das astfreie Holz gew\u00e4hrt Formbest\u00e4ndigkeit und auf lange Sicht einen staubdichten Wandabschlu\u00df. Die Gebri-Rohrfu\u00dfleiste wird seit fast vierzig\u00a0 Jahren unver\u00e4ndert in Alt- und Neubauten eingesetzt.<\/em><\/span><\/p>\n<h5>Bei uns finden Sie :<\/h5>\n<ul>\n<li>Verkleidungen f\u00fcr Heizungsrohre<\/li>\n<li>\u00a0Rohrabdeckungen<\/li>\n<li>Sockelleisten<\/li>\n<\/ul>\n<h2>\u00a0Produkte Rohrfu\u00dfleisten \/ Zubeh\u00f6r<\/h2>\n<p>&nbsp;<\/p>\n<p><img loading=\"lazy\" decoding=\"async\" class=\"alignnone size-medium wp-image-30\" src=\"http:\/\/gebri.de\/wp-content\/uploads\/2017\/06\/970856539b-200x300.jpg\" alt=\"\" width=\"200\" height=\"300\" srcset=\"http:\/\/gebri.de\/wp-content\/uploads\/2017\/06\/970856539b-200x300.jpg 200w, http:\/\/gebri.de\/wp-content\/uploads\/2017\/06\/970856539b.jpg 295w\" sizes=\"auto, (max-width: 200px) 100vw, 200px\" \/><\/p>\n<dl>\n<dd>Die Gebri Leiste &#8211; Massivholzprovil unbehandelt innen 75x29mm au\u00dfen 98x37mm<\/dd>\n<dd><img loading=\"lazy\" decoding=\"async\" class=\"alignnone size-medium wp-image-31\" src=\"http:\/\/gebri.de\/wp-content\/uploads\/2017\/06\/782236c431-200x300.jpg\" alt=\"\" width=\"200\" height=\"300\" srcset=\"http:\/\/gebri.de\/wp-content\/uploads\/2017\/06\/782236c431-200x300.jpg 200w, http:\/\/gebri.de\/wp-content\/uploads\/2017\/06\/782236c431.jpg 295w\" sizes=\"auto, (max-width: 200px) 100vw, 200px\" \/><\/dd>\n<dd>Ein Rohrclip f\u00fcr Dimensionen alle Rohre von 12 bis 22mm<\/dd>\n<dd><img loading=\"lazy\" decoding=\"async\" class=\"alignnone wp-image-32\" src=\"http:\/\/gebri.de\/wp-content\/uploads\/2017\/06\/cb40b0e07f.jpg\" alt=\"\" width=\"202\" height=\"134\" \/><img loading=\"lazy\" decoding=\"async\" class=\"alignnone size-full wp-image-33\" src=\"http:\/\/gebri.de\/wp-content\/uploads\/2017\/06\/3b3cb33e68.jpg\" alt=\"\" width=\"201\" height=\"134\" \/><img loading=\"lazy\" decoding=\"async\" class=\"alignnone size-full wp-image-34\" src=\"http:\/\/gebri.de\/wp-content\/uploads\/2017\/06\/b5d0bec47c.jpg\" alt=\"\" width=\"90\" height=\"134\" \/><img loading=\"lazy\" decoding=\"async\" class=\"alignnone size-full wp-image-35\" src=\"http:\/\/gebri.de\/wp-content\/uploads\/2017\/06\/73d5ca1e3f.jpg\" alt=\"\" width=\"295\" height=\"198\" \/><\/dd>\n<dd>Teppichprofil Sperrholz mit breitem Deckprofil<\/dd>\n<dd><\/dd>\n<dd><img loading=\"lazy\" decoding=\"async\" class=\"alignnone size-full wp-image-36\" src=\"http:\/\/gebri.de\/wp-content\/uploads\/2017\/06\/d02a8db865.jpg\" alt=\"\" width=\"295\" height=\"198\" \/><\/dd>\n<dd>Mini zb. f\u00fcr Lautsprecherkabel<\/dd>\n<dd><\/dd>\n<dd><img loading=\"lazy\" decoding=\"async\" class=\"alignnone size-full wp-image-37\" style=\"font-weight: bold;\" src=\"http:\/\/gebri.de\/wp-content\/uploads\/2017\/06\/03ae56e510.jpg\" alt=\"\" width=\"295\" height=\"198\" \/><\/dd>\n<dd>Flache Sockelleiste in gleicher H\u00f6he<\/dd>\n<dd><\/dd>\n<dd><img loading=\"lazy\" decoding=\"async\" class=\"alignnone size-full wp-image-38\" src=\"http:\/\/gebri.de\/wp-content\/uploads\/2017\/06\/f66235d443.jpg\" alt=\"\" width=\"295\" height=\"198\" \/><\/dd>\n<dd>Wandwinkel f\u00fcr die unsichtbare Befestigung<\/dd>\n<dd><\/dd>\n<dd><img loading=\"lazy\" decoding=\"async\" class=\"alignnone size-full wp-image-39\" src=\"http:\/\/gebri.de\/wp-content\/uploads\/2017\/06\/5dfa5f39ac.jpg\" alt=\"\" width=\"295\" height=\"198\" \/><\/dd>\n<dd>Verbreiterungsprovil 20mm mit Ziernut<\/dd>\n<dd><\/dd>\n<dd><img loading=\"lazy\" decoding=\"async\" class=\"alignnone size-full wp-image-40\" src=\"http:\/\/gebri.de\/wp-content\/uploads\/2017\/06\/07f26fd25f.jpg\" alt=\"\" width=\"295\" height=\"198\" \/><\/dd>\n<dd>Rohrschelle PVC ummantelt 28mm<\/dd>\n<dd><\/dd>\n<dd><img loading=\"lazy\" decoding=\"async\" class=\"alignnone size-full wp-image-41\" src=\"http:\/\/gebri.de\/wp-content\/uploads\/2017\/06\/a408a70c87.jpg\" alt=\"\" width=\"295\" height=\"269\" \/><\/dd>\n<dd>Spaxschrauben 120mm mit D\u00fcbel<\/dd>\n<dd><\/dd>\n<dd><img loading=\"lazy\" decoding=\"async\" class=\"alignnone size-full wp-image-42\" src=\"http:\/\/gebri.de\/wp-content\/uploads\/2017\/06\/13d1865853.jpg\" alt=\"\" width=\"295\" height=\"198\" \/><\/dd>\n<dd>Gehrungslade f\u00fcr 45\u00b0 Schnitte<\/dd>\n<dd><\/dd>\n<dd><img loading=\"lazy\" decoding=\"async\" class=\"alignnone size-full wp-image-43\" src=\"http:\/\/gebri.de\/wp-content\/uploads\/2017\/06\/3f0ba5b73d.jpg\" alt=\"\" width=\"295\" height=\"198\" \/><\/dd>\n<dd><\/dd>\n<dd><img loading=\"lazy\" decoding=\"async\" class=\"alignnone wp-image-44\" src=\"http:\/\/gebri.de\/wp-content\/uploads\/2017\/06\/daf67b6f5b.jpg\" alt=\"\" width=\"293\" height=\"195\" \/><\/dd>\n<\/dl>\n","protected":false},"excerpt":{"rendered":"<p>&gt;&gt;&gt; Dienstleitungen &gt;&gt;&gt; Kontakt &gt;&gt;&gt; Impressum &gt;&gt;&gt;Datenschutzerkl\u00e4rung GEBRI &#8211;\u00a0 Rohrfussleisten aus Bielefeld: Herstellung und Vertrieb von Massivholz Sockelleisten zur Verkleidung von Heizungsrohren Die Altbausanierung und die Suche nach wohnlichen Installationen haben zur Entwicklung einer Rohrverkleidung aus Massivholz, der Gebri-Leiste gef\u00fchrt, mit der jeweils zwei Rohrleitungen bis 28mm verkleidet werden. Die naturfarbene Leiste besteht aus Massivholz, &hellip; <a href=\"http:\/\/gebri.de\/?page_id=12\" class=\"more-link\"><span class=\"screen-reader-text\">Gebri-Rohrfu\u00dfleisten<\/span> weiterlesen <span class=\"meta-nav\">&rarr;<\/span><\/a><\/p>\n","protected":false},"author":1,"featured_media":0,"parent":0,"menu_order":0,"comment_status":"closed","ping_status":"closed","template":"","meta":{"footnotes":""},"class_list":["post-12","page","type-page","status-publish","hentry"],"_links":{"self":[{"href":"http:\/\/gebri.de\/index.php?rest_route=\/wp\/v2\/pages\/12","targetHints":{"allow":["GET"]}}],"collection":[{"href":"http:\/\/gebri.de\/index.php?rest_route=\/wp\/v2\/pages"}],"about":[{"href":"http:\/\/gebri.de\/index.php?rest_route=\/wp\/v2\/types\/page"}],"author":[{"embeddable":true,"href":"http:\/\/gebri.de\/index.php?rest_route=\/wp\/v2\/users\/1"}],"replies":[{"embeddable":true,"href":"http:\/\/gebri.de\/index.php?rest_route=%2Fwp%2Fv2%2Fcomments&post=12"}],"version-history":[{"count":11,"href":"http:\/\/gebri.de\/index.php?rest_route=\/wp\/v2\/pages\/12\/revisions"}],"predecessor-version":[{"id":84,"href":"http:\/\/gebri.de\/index.php?rest_route=\/wp\/v2\/pages\/12\/revisions\/84"}],"wp:attachment":[{"href":"http:\/\/gebri.de\/index.php?rest_route=%2Fwp%2Fv2%2Fmedia&parent=12"}],"curies":[{"name":"wp","href":"https:\/\/api.w.org\/{rel}","templated":true}]}}